{"id":29922,"date":"2022-01-03T13:29:12","date_gmt":"2022-01-03T12:29:12","guid":{"rendered":"https:\/\/test.aucampingdulac.fr\/?page_id=29922"},"modified":"2022-10-10T17:09:09","modified_gmt":"2022-10-10T15:09:09","slug":"datenschutz","status":"publish","type":"page","link":"https:\/\/aucampingdulac.fr\/DE\/datenschutz\/","title":{"rendered":"Datenschutz"},"content":{"rendered":"<p>[vc_row css=\u00a0\u00bb.vc_custom_1640008731379{padding-right: 50px !important;padding-left: 50px !important;}\u00a0\u00bb][vc_column][vc_empty_space height=\u00a0\u00bb50px\u00a0\u00bb]<div class=\"qodef-section-title-holder \" >\n\t<div class=\"qodef-st-inner\">\n\t\t\t\t\t\t\t<h1 class=\"qodef-st-title\" >\n\t\t\t\tAllgemeine Gesch\u00e4ftsbedingungen\t\t\t<\/h1>\n\t\t\t\t\t<\/div>\n<\/div>[vc_zigzag color=\u00a0\u00bbcustom\u00a0\u00bb el_border_width=\u00a0\u00bb8&Prime; custom_color=\u00a0\u00bb#77dadc\u00a0\u00bb][vc_empty_space height=\u00a0\u00bb50px\u00a0\u00bb][\/vc_column][\/vc_row][vc_row css=\u00a0\u00bb.vc_custom_1640008613829{padding-right: 50px !important;padding-left: 50px !important;}\u00a0\u00bb][vc_column][vc_column_text]<\/p>\n<p><strong>Article 1 &#8211; Champ d\u2019application des conditions g\u00e9n\u00e9rales de vente <\/strong><\/p>\n<p>Les pr\u00e9sentes conditions g\u00e9n\u00e9rales r\u00e9gissent de plein droit toutes les ventes de s\u00e9jours r\u00e9alis\u00e9es sur le site www.aucampingdulac.fr. Elles font partie int\u00e9grante de tout contrat conclu entre le camping et ses clients.<\/p>\n<p>Chaque client reconna\u00eet avoir pris connaissance des pr\u00e9sentes conditions g\u00e9n\u00e9rales pr\u00e9alablement \u00e0 toute r\u00e9servation d\u2019un s\u00e9jour, pour lui \u2013m\u00eame et toute personne participant au s\u00e9jour.<\/p>\n<p>Conform\u00e9ment \u00e0 la loi en vigueur, les pr\u00e9sentes conditions g\u00e9n\u00e9rales sont mises \u00e0 la disposition de tout client \u00e0 titre informatif pr\u00e9alablement \u00e0 la conclusion de tout contrat de vente de s\u00e9jours. Elles peuvent \u00e9galement \u00eatre obtenues sur simple demande \u00e9crite adress\u00e9e au si\u00e8ge de l\u2019\u00e9tablissement.<\/p>\n<p>&nbsp;<\/p>\n<p><strong>Article 2 &#8211; Conditions de r\u00e9servation <\/strong><\/p>\n<p><strong>2.1 Prix et r\u00e8glement <\/strong><\/p>\n<p>Le prix des s\u00e9jours est indiqu\u00e9 en euros, TVA comprise. L\u2019attention du client est attir\u00e9e sur le fait que la taxe de s\u00e9jour, revers\u00e9e \u00e0 la communaut\u00e9 de communes, n\u2019est pas comprise dans le prix. Cette derni\u00e8re doit \u00eatre r\u00e9gl\u00e9e avec le solde du s\u00e9jour.<\/p>\n<p>&nbsp;<\/p>\n<p><strong>Pour les r\u00e9servations emplacement camping<\/strong> :<\/p>\n<p>Toute location est nominative et ne peut \u00eatre c\u00e9d\u00e9e. La location ne devient effective qu\u2019avec notre accord. Le solde de la location d\u2019un emplacement nu sera r\u00e9gl\u00e9 \u00e0 l\u2019arriv\u00e9e. Il ne sera pas tenu compte de vos absences \u00e9ventuelles durant votre s\u00e9jour.<\/p>\n<p>&nbsp;<\/p>\n<p><strong>Pour les r\u00e9servations location<\/strong> : Toute location est nominative et ne peut \u00eatre c\u00e9d\u00e9e. La location ne devient effective qu\u2019avec notre accord et apr\u00e8s r\u00e9ception du montant total du s\u00e9jour et des frais de r\u00e9servation. Le solde de la location sera vers\u00e9 21 jours avant le d\u00e9but du s\u00e9jour et le d\u00e9p\u00f4t de garantie de 300 euros sera r\u00e9gl\u00e9 le jour de l\u2019arriv\u00e9e.<\/p>\n<p>Un d\u00e9p\u00f4t de garantie de 300.00 \u20ac sera demand\u00e9 pour couvrir les \u00e9ventuels d\u00e9g\u00e2ts qui pourraient intervenir dans nos locations. Il sera restitu\u00e9 \u00e0 votre d\u00e9part apr\u00e8s l\u2019inventaire et la remise des cl\u00e9s. En cas de d\u00e9gradations, une retenue sera effectu\u00e9e en fonction du co\u00fbt financier de la r\u00e9paration ou de remplacement.<\/p>\n<p>Un inventaire vous a \u00e9t\u00e9 adress\u00e9 avec le contrat, veuillez le contr\u00f4ler \u00e0 votre arriv\u00e9e et notifier toute r\u00e9clamation dans les 12 heures. A d\u00e9faut, les lieux, inventaires et mat\u00e9riel seront r\u00e9put\u00e9s conformes et en bon \u00e9tat.<\/p>\n<p>&nbsp;<\/p>\n<p>Le nettoyage de la location est \u00e0 la charge du locataire. En fin de s\u00e9jour, la location doit \u00eatre restitu\u00e9e en parfait \u00e9tat de propret\u00e9. Dans le cas contraire, le forfait m\u00e9nage sera retenu sur la caution pour le nettoyage<\/p>\n<p>Pour tout retard non signal\u00e9, la location\/l\u2019emplacement devient disponible 2 heures apr\u00e8s la date d\u2019arriv\u00e9e mentionn\u00e9e sur le contrat de r\u00e9servation. Pass\u00e9 ce d\u00e9lai, et en l\u2019absence de message \u00e9crit, la r\u00e9servation sera nulle et l\u2019acompte restera acquis \u00e0 la direction du camping.<\/p>\n<p>&nbsp;<\/p>\n<p><strong>2.2 Modification de votre r\u00e9servation <\/strong><\/p>\n<p>Le client peut, demander la modification de son s\u00e9jour (camping, dates et\/ou type d\u2019h\u00e9bergement) sur demande \u00e9crite aupr\u00e8s du camping (courrier ou email) dans la mesure des disponibilit\u00e9s et possibilit\u00e9s. Aucun report ne sera accept\u00e9 sur la saison suivante. A d\u00e9faut de modification, le client devra effectuer son s\u00e9jour dans les conditions initiales de r\u00e9servation.<\/p>\n<p>Dans le cas d\u2019une annulation plus de 30 jours avant la date de la r\u00e9servation, l\u2019acompte est rembours\u00e9 dans sa totalit\u00e9.<\/p>\n<p>Entre 29 j et 15 jrs, l\u2019acompte est rembours\u00e9 sous forme d\u2019un avoir utilisable durant 18 mois.<\/p>\n<p>En dessous de 14 jours, l\u2019acompte est conserv\u00e9 par le camping dans son int\u00e9gralit\u00e9.<\/p>\n<p>&nbsp;<\/p>\n<p>Le client peut souscrire une assurance annulation.<\/p>\n<p>Toute demande d\u2019augmentation de la dur\u00e9e de votre s\u00e9jour sera r\u00e9alis\u00e9e selon disponibilit\u00e9s et selon les tarifs en vigueur.<\/p>\n<p>Toute demande de diminution de la dur\u00e9e de votre s\u00e9jour est consid\u00e9r\u00e9e comme une annulation partielle et sera soumise aux modalit\u00e9s d\u2019annulation et interruption de s\u00e9jour.<\/p>\n<p>&nbsp;<\/p>\n<p><strong>2.3 Prestations non utilis\u00e9es <\/strong><\/p>\n<p>Tout s\u00e9jour interrompu, ou abr\u00e9g\u00e9 (arriv\u00e9e tardive, d\u00e9part anticip\u00e9) de votre fait ne pourra donner lieu \u00e0 remboursement.<\/p>\n<p>&nbsp;<\/p>\n<p><strong>2.4 Annulation du fait du camping du Lac les Iscles <\/strong><\/p>\n<p>En cas d\u2019annulation du fait <strong>du camping du Lac les Iscles<\/strong>, sauf en cas de force majeur, le s\u00e9jour sera totalement rembours\u00e9. Cette annulation ne pourra cependant pas donner lieu au versement de dommages et int\u00e9r\u00eats.<\/p>\n<p>&nbsp;<\/p>\n<p><strong>2.5 Annulation du fait du client <\/strong><\/p>\n<p><strong>du camping du Lac les Iscles <\/strong>ne proc\u00e9dera \u00e0 aucun remboursement d\u2019acompte.<\/p>\n<p>Aucun remboursement ne sera effectu\u00e9.<\/p>\n<p>Nous vous conseillons de souscrire une assurance annulation. Ce contrat vous offre une garantie annulation qui permet d\u2019obtenir le remboursement des sommes vers\u00e9es en cas d\u2019annulation de votre s\u00e9jour ou de d\u00e9part anticip\u00e9 sous certaines conditions (maladie, accident\u2026).<\/p>\n<p>&nbsp;<\/p>\n<p><strong>Article 3 &#8211; D\u00e9roulement du s\u00e9jour <\/strong><\/p>\n<p>&nbsp;<\/p>\n<p><strong>3.1 Arriv\u00e9es et D\u00e9parts <\/strong><\/p>\n<p>En location : les arriv\u00e9es s\u2019effectuent \u00e0 partir de 16h, les d\u00e9parts s\u2019effectuent avant 10 h, le samedi<\/p>\n<p>&nbsp;<\/p>\n<p><strong>3.2 Caution <\/strong><\/p>\n<p>Une caution de 300 euros par h\u00e9bergement vous sera demand\u00e9e le jour de votre arriv\u00e9e. Elle vous sera rembours\u00e9e le jour de votre d\u00e9part, pendant les heures d\u2019ouverture de la caisse, apr\u00e8s un \u00e9tat des lieux. La facturation d\u2019\u00e9ventuelles d\u00e9gradations viendra s\u2019ajouter au prix du s\u00e9jour ainsi que le nettoyage si vous ne laissez pas l\u2019h\u00e9bergement dans un \u00e9tat de parfaite propret\u00e9. Si vous ne pouvez \u00eatre pr\u00e9sent lors de l\u2019\u00e9tat des lieux, la caution vous sera retourn\u00e9e par courrier.<\/p>\n<p>&nbsp;<\/p>\n<p><strong>3.3 D\u00e9part en emplacement<\/strong><\/p>\n<p>Tout retour de cl\u00e9 ou lib\u00e9ration de l\u2019emplacement apr\u00e8s 12h entra\u00eene la facturation d\u2019une nuit\u00e9e suppl\u00e9mentaire. Toute prolongation de s\u00e9jour doit \u00eatre formul\u00e9e 24 heures au moins avant la date de d\u00e9part pr\u00e9vue.<\/p>\n<p>&nbsp;<\/p>\n<p><strong>3.4 Animaux <\/strong><\/p>\n<p>Les animaux d\u00e9clar\u00e9s au moment de la r\u00e9servation (chien, chat) sont admis \u00e0 l\u2019int\u00e9rieur des locations. A l\u2019exception des chiens de 1er et 2\u00e8me cat\u00e9gorie.<\/p>\n<p>Ils doivent \u00eatre tenus en laisse en permanence \u00e0 l\u2019int\u00e9rieur du camping. Ils sont interdits aux abords de la piscine et \u00e0 l\u2019int\u00e9rieur des b\u00e2timents collectifs. Le carnet de vaccination pour les chiens et les chats doit \u00eatre \u00e0 jour.<\/p>\n<p>&nbsp;<\/p>\n<p><strong>3.5 R\u00e8glement int\u00e9rieur <\/strong><\/p>\n<p>Comme la loi l\u2019exige, vous devez adh\u00e9rer \u00e0 notre r\u00e8glement int\u00e9rieur, affich\u00e9 \u00e0 notre r\u00e9ception et dont un exemplaire vous sera remis sur demande, ou t\u00e9l\u00e9chargeable sur le site.<\/p>\n<p>&nbsp;<\/p>\n<p><strong>Article 4 &#8211; Droit \u00e0 l\u2019image <\/strong><\/p>\n<p>Vous autorisez le<strong> camping du Lac les Iscles<\/strong>, ainsi que toute personne que le<strong> camping du Lac les Iscles <\/strong>souhaiterait se substituer, \u00e0 vous photographier, vous enregistrer ou vous filmer pendant votre s\u00e9jour au camping du lac les Iscles et \u00e0 exploiter lesdites images, sons, vid\u00e9os et enregistrements sur tout support (en particulier sur le site internet, page facebook, instagram, sur tous les supports de pr\u00e9sentation et de promotion <strong>du camping du Lac les Iscles<\/strong>).<\/p>\n<p>Cette autorisation vaut tant pour vous que pour les personnes h\u00e9berg\u00e9es avec vous.<\/p>\n<p>Elle a pour seul but d\u2019assurer la promotion et l\u2019animation de l\u2019\u00e9tablissement et ne pourra en aucune fa\u00e7on porter atteinte \u00e0 votre r\u00e9putation. Cette autorisation est consentie \u00e0 titre gratuit pour tous les pays et une dur\u00e9e de 5 ans.<\/p>\n<p>&nbsp;<\/p>\n<p><strong>Article 5 &#8211; Responsabilit\u00e9 <\/strong><\/p>\n<p><strong>Le camping du Lac les Iscles <\/strong>d\u00e9cline toute responsabilit\u00e9 pour les dommages subis par le mat\u00e9riel du campeur-caravanier qui seraient de son propre fait ; une assurance pour votre mat\u00e9riel en mati\u00e8re de responsabilit\u00e9 civile est obligatoire.<\/p>\n<p>&nbsp;<\/p>\n<p><strong>Article 6 &#8211; Droit applicable <\/strong><\/p>\n<p>&nbsp;<\/p>\n<p>M\u00e9diation\u00a0:<\/p>\n<p>En cas de litige, une approche via de la m\u00e9diation sera recherch\u00e9e avant toutes choses.<\/p>\n<p>&nbsp;<\/p>\n<p>Les pr\u00e9sentes conditions g\u00e9n\u00e9rales sont soumises au droit fran\u00e7ais et tout litige relatif \u00e0 leur application rel\u00e8ve de la comp\u00e9tence du Tribunal de grande instance ou du tribunal de commerce.<\/p>\n<p>[\/vc_column_text][\/vc_column][\/vc_row]<\/p>\n","protected":false},"excerpt":{"rendered":"<p>[vc_row css=\u00a0\u00bb.vc_custom_1640008731379{padding-right: 50px !important;padding-left: 50px !important;}\u00a0\u00bb][vc_column][vc_empty_space height=\u00a0\u00bb50px\u00a0\u00bb][vc_zigzag color=\u00a0\u00bbcustom\u00a0\u00bb el_border_width=\u00a0\u00bb8&Prime; custom_color=\u00a0\u00bb#77dadc\u00a0\u00bb][vc_empty_space height=\u00a0\u00bb50px\u00a0\u00bb][\/vc_column][\/vc_row][vc_row css=\u00a0\u00bb.vc_custom_1640008613829{padding-right: 50px !important;padding-left: 50px !important;}\u00a0\u00bb][vc_column][vc_column_text] Article 1 &#8211; Champ d\u2019application des conditions g\u00e9n\u00e9rales de vente Les pr\u00e9sentes conditions g\u00e9n\u00e9rales r\u00e9gissent de plein droit toutes les ventes de s\u00e9jours r\u00e9alis\u00e9es [&hellip;]<\/p>\n","protected":false},"author":3,"featured_media":0,"parent":0,"menu_order":0,"comment_status":"closed","ping_status":"closed","template":"full-width.php","meta":{"footnotes":""},"class_list":["post-29922","page","type-page","status-publish","hentry"],"_links":{"self":[{"href":"https:\/\/aucampingdulac.fr\/DE\/wp-json\/wp\/v2\/pages\/29922","targetHints":{"allow":["GET"]}}],"collection":[{"href":"https:\/\/aucampingdulac.fr\/DE\/wp-json\/wp\/v2\/pages"}],"about":[{"href":"https:\/\/aucampingdulac.fr\/DE\/wp-json\/wp\/v2\/types\/page"}],"author":[{"embeddable":true,"href":"https:\/\/aucampingdulac.fr\/DE\/wp-json\/wp\/v2\/users\/3"}],"replies":[{"embeddable":true,"href":"https:\/\/aucampingdulac.fr\/DE\/wp-json\/wp\/v2\/comments?post=29922"}],"version-history":[{"count":6,"href":"https:\/\/aucampingdulac.fr\/DE\/wp-json\/wp\/v2\/pages\/29922\/revisions"}],"predecessor-version":[{"id":30607,"href":"https:\/\/aucampingdulac.fr\/DE\/wp-json\/wp\/v2\/pages\/29922\/revisions\/30607"}],"wp:attachment":[{"href":"https:\/\/aucampingdulac.fr\/DE\/wp-json\/wp\/v2\/media?parent=29922"}],"curies":[{"name":"wp","href":"https:\/\/api.w.org\/{rel}","templated":true}]}}