{"id":29918,"date":"2022-01-03T12:21:58","date_gmt":"2022-01-03T11:21:58","guid":{"rendered":"https:\/\/test.aucampingdulac.fr\/?page_id=29918"},"modified":"2022-10-10T15:44:46","modified_gmt":"2022-10-10T13:44:46","slug":"datenschutzrichtlinien","status":"publish","type":"page","link":"https:\/\/aucampingdulac.fr\/DE\/datenschutzrichtlinien\/","title":{"rendered":"Datenschutzrichtlinien"},"content":{"rendered":"<p>[vc_row css=\u00a0\u00bb.vc_custom_1640008731379{padding-right: 50px !important;padding-left: 50px !important;}\u00a0\u00bb][vc_column][vc_empty_space height=\u00a0\u00bb50px\u00a0\u00bb]<div class=\"qodef-section-title-holder \" >\n\t<div class=\"qodef-st-inner\">\n\t\t\t\t\t\t\t<h1 class=\"qodef-st-title\" >\n\t\t\t\tDatenschutzrichtlinien\t\t\t<\/h1>\n\t\t\t\t\t<\/div>\n<\/div>[vc_zigzag color=\u00a0\u00bbcustom\u00a0\u00bb el_border_width=\u00a0\u00bb8&Prime; custom_color=\u00a0\u00bb#77dadc\u00a0\u00bb][vc_empty_space height=\u00a0\u00bb50px\u00a0\u00bb][\/vc_column][\/vc_row][vc_row css=\u00a0\u00bb.vc_custom_1640008613829{padding-right: 50px !important;padding-left: 50px !important;}\u00a0\u00bb][vc_column][vc_column_text]<\/p>\n<p>Diese Webseite <a href=\"http:\/\/www.aucampingdulac.fr\/\">www.aucampingdulac.fr<\/a> wird in verschiedenen Websprachen (HTML, HTML5, Javascript, CSS usw.) angeboten. F\u00fcr einen besseren Benutzerkomfort und eine ansprechende Grafik empfehlen wir Ihnen, moderne Browser zu verwenden, z. B. Internet Explorer, Safari, Firefox, Google Chrome, etc\u2026Der Verantwortliche setzt alle ihm zur Verf\u00fcgung stehenden Mittel ein, um zuverl\u00e4ssige Informationen und Aktualisierungen seiner Webseite zu gew\u00e4hrleisten. Dennoch kann es zu Fehlern oder Auslassungen kommen. Der Internetnutzer muss sich daher von der Richtigkeit der Informationen \u00fcberzeugen und alle \u00c4nderungen an der Webseite melden, die er f\u00fcr n\u00fctzlich h\u00e4lt. Der Camping du lac les Iscles haftet in keinem Fall f\u00fcr die Nutzung dieser Informationen und f\u00fcr alle direkten oder indirekten Sch\u00e4den, die daraus entstehen k\u00f6nnen.<\/p>\n<p>&nbsp;<\/p>\n<p>Cookies:<\/p>\n<p>Die Webseite <a href=\"http:\/\/www.aucampingdulac.fr\/\">www.aucampingdulac.fr<\/a> kann Sie bitten, Cookies f\u00fcr statistische Zwecke und zur besseren Darstellung zu akzeptieren. Ein Cookie ist eine Information, die vom Server der Webseite, die Sie besuchen, auf der Festplatte abgelegt wird. Es enth\u00e4lt mehrere Daten, die auf Ihrem Computer in einer einfachen Textdatei gespeichert werden und auf die ein Server zugreifen kann, um Informationen auszuwerten und zu speichern. Einige Teile dieser Webseite sind ohne die Annahme von Cookies funktionsf\u00e4hig.<\/p>\n<p>&nbsp;<\/p>\n<p>&nbsp;<\/p>\n<p>Hyperlinks:<\/p>\n<p>Die Webseite des Camping du Lac les Iscles kann Links zu anderen Webseiten oder anderen im Internet verf\u00fcgbaren Ressourcen enthalten. Der Camping du Lac les Iscles verf\u00fcgt \u00fcber keinerlei Mittel, um die mit seiner Webseite verbundenen Webseiten zu kontrollieren. Er haftet nicht f\u00fcr die Verf\u00fcgbarkeit dieser Webseiten und externen Quellen und garantiert diese auch nicht. Er kann nicht verantwortlich gemacht werden f\u00fcr Sch\u00e4den jeglicher Art, die sich aus dem Inhalt dieser Webseiten oder externen Quellen ergeben, insbesondere aus den Informationen, Produkten oder Dienstleistungen, die dort angeboten werden oder aus der Nutzung dieser Elemente. Die Verantwortung f\u00fcr die Nutzung liegt vollst\u00e4ndig beim Internetnutzer, der sich an die Nutzungsbedingungen dieser Webseiten und externen Quellen halten muss. Nutzer, Abonnenten und Besucher der Website <a href=\"http:\/\/www.aucampingdulac.fr\/\">www.aucampingdulac.fr <\/a>d\u00fcrfen ohne die ausdr\u00fcckliche und vorherige Genehmigung der Administratoren des Camping du Lac les Iscles keinen Hyperlink zu dieser Webseite einrichten. Falls\u00a0 ein Nutzer oder Besucher einen Hyperlink zu einer der Webseiten von <a href=\"http:\/\/www.aucampingdulac.fr\/\">www.aucampingdulac.fr<\/a> einrichten m\u00f6chte,\u00a0 kann er sich an die auf der Internetseite\u00a0 angegebene Email-Adresse wenden und eine Anfrage schicken. Der Camping du Lac les Iscles\u00a0 kann die Anfrage annehmen oder ablehnen; ohne seine Entscheidung rechtfertigen zu m\u00fcssen.<\/p>\n<p>&nbsp;<\/p>\n<p>&nbsp;<\/p>\n<p>Angebotene Dienstleistungen:<\/p>\n<p>Der Verantwortliche bem\u00fcht sich, auf der Website <a href=\"http:\/\/www.aucampingdulac.fr\/\">www.aucampingdulac.fr <\/a>so genaue Informationen wie m\u00f6glich bereitzustellen. Die Informationen auf der Website <a href=\"http:\/\/www.aucampingdulac.fr\/\">www.aucampingdulac.fr <\/a>sind nicht zwingend vollst\u00e4ndig und die Fotos nicht vertraglich bindend. Sie werden unter Vorbehalt von \u00c4nderungen, die seit ihrer Online- Ver\u00f6ffentlichung vorgenommen wurden, angezeigt. Alle Informationen auf der Website <a href=\"http:\/\/www.aucampingdulac.fr\/\">www.aucampingdulac.fr <\/a>sind unverbindlich und k\u00f6nnen sich ohne Vorank\u00fcndigung \u00e4ndern oder weiterentwickeln.<\/p>\n<p>&nbsp;<\/p>\n<p>&nbsp;<\/p>\n<p>Vertragliche Beschr\u00e4nkungen der Daten :<\/p>\n<p>Die auf dieser Webseite enthaltenen Informationen sind so genau wie m\u00f6glich und die Webseite wird zu verschiedenen Zeiten des Jahres aktualisiert, kann aber dennoch Ungenauigkeiten oder Auslassungen enthalten. Wenn Sie eine L\u00fccke, einen Fehler oder eine scheinbare Fehlfunktion feststellen, melden Sie dies bitte per E-Mail, und beschreiben Sie das Problem so genau wie m\u00f6glich (betroffene Seite, Art des verwendeten Computers und Browsers, &#8230;). Das Herunterladen von Inhalten erfolgt auf das Risiko des Nutzers und unter seiner alleinigen Verantwortung. Folglich kann\u00a0\u00a0\u00a0 der Campingplatz du Lac les Iscles nicht f\u00fcr Sch\u00e4den haftbar gemacht werden, die auf dem Computer des Nutzers entstehen und auch nicht f\u00fcr einen Datenverlust infolge des Downloads. Dar\u00fcber hinaus verpflichtet sich der Nutzer der Website, auf die Webseite mit einer aktuellen Hardware, die keine Viren enth\u00e4lt und mit einem upgedateten Browser der neuesten Generation, zuzugreifen. Leadcom France haftet nicht f\u00fcr Hypertext-Links, die im Rahmen dieser Webseite zu anderen Ressourcen im Internet eingerichtet wurden.<\/p>\n<p>&nbsp;<\/p>\n<p>Rechtsstreitigkeiten:<\/p>\n<p>Die vorliegenden Konditionen der Website <a href=\"http:\/\/www.aucampingdulac.fr\/\">www.aucampingdulac.fr <\/a>unterliegen den franz\u00f6sischen Gesetzen und alle Rechtsstreitigkeiten, die sich aus der Auslegung oder Ausf\u00fchrung dieser konditionen ergeben k\u00f6nnten, unterliegen der ausschlie\u00dflichen Zust\u00e4ndigkeit der Gerichte, in deren Zust\u00e4ndigkeitsbereich der Hauptsitz des Unternehmens liegt. Die Referenzsprache f\u00fcr die Beilegung eventueller Streitigkeiten ist Franz\u00f6sisch.<\/p>\n<p>&nbsp;<\/p>\n<p>Pers\u00f6nliche Daten :<\/p>\n<p>&nbsp;<\/p>\n<p>Im Allgemeinen sind Sie nicht verpflichtet, uns Ihre pers\u00f6nlichen Daten mitzuteilen, wenn Sie unsere Website <a href=\"http:\/\/www.aucampingdulac.fr\/\">www.aucampingdulac.fr <\/a>besuchen. Es gibt jedoch einige Ausnahmen von diesem Grundsatz. Bei bestimmten Dienstleistungen, die auf unserer Website angeboten werden, kann es sein, dass Sie uns bestimmte Daten wie Ihren Namen, Ihre T\u00e4tigkeit, den Namen Ihres Unternehmens, Ihre E-Mail-Adresse und Ihre Telefonnummer mitteilen m\u00fcssen. Dies ist der Fall, wenn Sie das Formular ausf\u00fcllen, das Ihnen online unter der Rubrik \u00ab\u00a0Kontakt\u00a0\u00bb angezeigt wird.\u00a0 Die Angabe Ihrer pers\u00f6nlichen Daten k\u00f6nnen Sie zu jeder Zeit verweigern. In diesem Fall k\u00f6nnen Sie die Dienstleistungen der Webseite nicht nutzen, insbesondere nicht die M\u00f6glichkeit, Informationen \u00fcber unser Unternehmen anzufordern oder einen Newsletter zu erhalten. Au\u00dferdem k\u00f6nnen wir automatisch bestimmte Informationen \u00fcber Sie sammeln, wenn Sie einfach nur auf unserer Webseite surfen,<\/p>\n<p>insbesondere: Informationen \u00fcber die Nutzung unserer Webseite, z. B. die Bereiche, die Sie besuchen und die Dienstleistungen, auf die Sie zugreifen, Ihre IP-Adresse, den Typ Ihres Browsers und Ihre Zugriffszeiten. Solche Informationen werden ausschlie\u00dflich f\u00fcr interne statistische Zwecke verwendet, um die Qualit\u00e4t der Ihnen angebotenen Dienstleistungen zu verbessern. Die Datenbanken sind durch die Bestimmungen des Gesetzes vom 1. Juli 1998 zur Umsetzung der Richtlinie 96\/9 vom 11. M\u00e4rz 1996 \u00fcber den rechtlichen Schutz von Datenbanken gesch\u00fctzt.<\/p>\n<p>&nbsp;<\/p>\n<p>[\/vc_column_text][\/vc_column][\/vc_row]<\/p>\n","protected":false},"excerpt":{"rendered":"<p>[vc_row css=\u00a0\u00bb.vc_custom_1640008731379{padding-right: 50px !important;padding-left: 50px !important;}\u00a0\u00bb][vc_column][vc_empty_space height=\u00a0\u00bb50px\u00a0\u00bb][vc_zigzag color=\u00a0\u00bbcustom\u00a0\u00bb el_border_width=\u00a0\u00bb8&Prime; custom_color=\u00a0\u00bb#77dadc\u00a0\u00bb][vc_empty_space height=\u00a0\u00bb50px\u00a0\u00bb][\/vc_column][\/vc_row][vc_row css=\u00a0\u00bb.vc_custom_1640008613829{padding-right: 50px !important;padding-left: 50px !important;}\u00a0\u00bb][vc_column][vc_column_text] Diese Webseite www.aucampingdulac.fr wird in verschiedenen Websprachen (HTML, HTML5, Javascript, CSS usw.) angeboten. F\u00fcr einen besseren Benutzerkomfort und eine ansprechende Grafik empfehlen wir Ihnen, [&hellip;]<\/p>\n","protected":false},"author":3,"featured_media":0,"parent":0,"menu_order":0,"comment_status":"closed","ping_status":"closed","template":"full-width.php","meta":{"footnotes":""},"class_list":["post-29918","page","type-page","status-publish","hentry"],"_links":{"self":[{"href":"https:\/\/aucampingdulac.fr\/DE\/wp-json\/wp\/v2\/pages\/29918","targetHints":{"allow":["GET"]}}],"collection":[{"href":"https:\/\/aucampingdulac.fr\/DE\/wp-json\/wp\/v2\/pages"}],"about":[{"href":"https:\/\/aucampingdulac.fr\/DE\/wp-json\/wp\/v2\/types\/page"}],"author":[{"embeddable":true,"href":"https:\/\/aucampingdulac.fr\/DE\/wp-json\/wp\/v2\/users\/3"}],"replies":[{"embeddable":true,"href":"https:\/\/aucampingdulac.fr\/DE\/wp-json\/wp\/v2\/comments?post=29918"}],"version-history":[{"count":8,"href":"https:\/\/aucampingdulac.fr\/DE\/wp-json\/wp\/v2\/pages\/29918\/revisions"}],"predecessor-version":[{"id":30575,"href":"https:\/\/aucampingdulac.fr\/DE\/wp-json\/wp\/v2\/pages\/29918\/revisions\/30575"}],"wp:attachment":[{"href":"https:\/\/aucampingdulac.fr\/DE\/wp-json\/wp\/v2\/media?parent=29918"}],"curies":[{"name":"wp","href":"https:\/\/api.w.org\/{rel}","templated":true}]}}